{"id":1559,"date":"2025-06-02T09:52:52","date_gmt":"2025-06-02T12:52:52","guid":{"rendered":"https:\/\/artisandugelee.com.br\/?page_id=1559"},"modified":"2025-06-02T11:22:21","modified_gmt":"2025-06-02T14:22:21","slug":"dicas","status":"publish","type":"page","link":"https:\/\/artisandugelee.com.br\/index.php\/dicas\/","title":{"rendered":"dicas"},"content":{"rendered":"\t\t<div data-elementor-type=\"wp-page\" data-elementor-id=\"1559\" class=\"elementor elementor-1559\" data-elementor-post-type=\"page\">\n\t\t\t\t\t\t<section class=\"elementor-section elementor-top-section elementor-element elementor-element-1cb2022 elementor-section-boxed elementor-section-height-default elementor-section-height-default\" data-id=\"1cb2022\" data-element_type=\"section\">\n\t\t\t\t\t\t<div class=\"elementor-container elementor-column-gap-default\">\n\t\t\t\t\t<div class=\"elementor-column elementor-col-100 elementor-top-column elementor-element elementor-element-cce1469\" data-id=\"cce1469\" data-element_type=\"column\">\n\t\t\t<div class=\"elementor-widget-wrap elementor-element-populated\">\n\t\t\t\t\t\t<div class=\"elementor-element elementor-element-575694e elementor-widget elementor-widget-heading\" data-id=\"575694e\" data-element_type=\"widget\" data-widget_type=\"heading.default\">\n\t\t\t\t<div class=\"elementor-widget-container\">\n\t\t\t\t\t<h2 class=\"elementor-heading-title elementor-size-default\">dicas para sua geleia<\/h2>\t\t\t\t<\/div>\n\t\t\t\t<\/div>\n\t\t\t\t\t<\/div>\n\t\t<\/div>\n\t\t\t\t\t<\/div>\n\t\t<\/section>\n\t\t\t\t<section class=\"elementor-section elementor-top-section elementor-element elementor-element-db8d709 elementor-section-boxed elementor-section-height-default elementor-section-height-default\" data-id=\"db8d709\" data-element_type=\"section\">\n\t\t\t\t\t\t<div class=\"elementor-container elementor-column-gap-default\">\n\t\t\t\t\t<div class=\"elementor-column elementor-col-50 elementor-top-column elementor-element elementor-element-eb5c5c4\" data-id=\"eb5c5c4\" data-element_type=\"column\">\n\t\t\t<div class=\"elementor-widget-wrap elementor-element-populated\">\n\t\t\t\t\t\t<div class=\"elementor-element elementor-element-ce131bf elementor-widget elementor-widget-heading\" data-id=\"ce131bf\" data-element_type=\"widget\" data-widget_type=\"heading.default\">\n\t\t\t\t<div class=\"elementor-widget-container\">\n\t\t\t\t\t<h2 class=\"elementor-heading-title elementor-size-default\">Ma\u00e7\u00e3 Gabriela: Acolhedora e vers\u00e1til.<\/h2>\t\t\t\t<\/div>\n\t\t\t\t<\/div>\n\t\t\t\t<div class=\"elementor-element elementor-element-1552946 elementor-widget elementor-widget-text-editor\" data-id=\"1552946\" data-element_type=\"widget\" data-widget_type=\"text-editor.default\">\n\t\t\t\t<div class=\"elementor-widget-container\">\n\t\t\t\t\t\t\t\t\t<p><strong>\u2022 Harmoniza\u00e7\u00e3o simples:<\/strong> Ideal com <strong>p\u00e3es amanteigados, croissants<\/strong> e queijos como gouda ou mu\u00e7arela de b\u00fafala.<\/p><p><strong>\u2022 Dica de chef:<\/strong> Use como <strong>glac\u00ea de finaliza\u00e7\u00e3o em uma sobrecoxa de frango assada com ervas<\/strong>, para um toque agridoce irresist\u00edvel.<\/p><p><strong>\u2022 Receita express:<\/strong> Monte um <strong>sandu\u00edche de pernil desfiado com r\u00facula e geleia de ma\u00e7\u00e3<\/strong> \u2014 o equil\u00edbrio perfeito entre sabor e conforto.<\/p><p>\u00a0<\/p>\t\t\t\t\t\t\t\t<\/div>\n\t\t\t\t<\/div>\n\t\t\t\t\t<\/div>\n\t\t<\/div>\n\t\t\t\t<div class=\"elementor-column elementor-col-50 elementor-top-column elementor-element elementor-element-9b59d08\" data-id=\"9b59d08\" data-element_type=\"column\">\n\t\t\t<div class=\"elementor-widget-wrap elementor-element-populated\">\n\t\t\t\t\t\t<div class=\"elementor-element elementor-element-f3f03af elementor-widget elementor-widget-image\" data-id=\"f3f03af\" data-element_type=\"widget\" data-widget_type=\"image.default\">\n\t\t\t\t<div class=\"elementor-widget-container\">\n\t\t\t\t\t\t\t\t\t\t\t\t\t\t\t<img decoding=\"async\" src=\"https:\/\/artisandugelee.com.br\/wp-content\/uploads\/2025\/05\/4-2.png\" title=\"4\" alt=\"4\" loading=\"lazy\" \/>\t\t\t\t\t\t\t\t\t\t\t\t\t\t\t<\/div>\n\t\t\t\t<\/div>\n\t\t\t\t\t<\/div>\n\t\t<\/div>\n\t\t\t\t\t<\/div>\n\t\t<\/section>\n\t\t\t\t<section class=\"elementor-section elementor-top-section elementor-element elementor-element-4435b01 elementor-section-boxed elementor-section-height-default elementor-section-height-default\" data-id=\"4435b01\" data-element_type=\"section\">\n\t\t\t\t\t\t<div class=\"elementor-container elementor-column-gap-default\">\n\t\t\t\t\t<div class=\"elementor-column elementor-col-100 elementor-top-column elementor-element elementor-element-9171303\" data-id=\"9171303\" data-element_type=\"column\">\n\t\t\t<div class=\"elementor-widget-wrap elementor-element-populated\">\n\t\t\t\t\t\t<div class=\"elementor-element elementor-element-5acaee6 elementor-widget elementor-widget-spacer\" data-id=\"5acaee6\" data-element_type=\"widget\" data-widget_type=\"spacer.default\">\n\t\t\t\t<div class=\"elementor-widget-container\">\n\t\t\t\t\t\t\t<div class=\"elementor-spacer\">\n\t\t\t<div class=\"elementor-spacer-inner\"><\/div>\n\t\t<\/div>\n\t\t\t\t\t\t<\/div>\n\t\t\t\t<\/div>\n\t\t\t\t\t<\/div>\n\t\t<\/div>\n\t\t\t\t\t<\/div>\n\t\t<\/section>\n\t\t\t\t<section class=\"elementor-section elementor-top-section elementor-element elementor-element-805a33f elementor-section-boxed elementor-section-height-default elementor-section-height-default\" data-id=\"805a33f\" data-element_type=\"section\" data-settings=\"{&quot;background_background&quot;:&quot;classic&quot;}\">\n\t\t\t\t\t\t<div class=\"elementor-container elementor-column-gap-default\">\n\t\t\t\t\t<div class=\"elementor-column elementor-col-50 elementor-top-column elementor-element elementor-element-948a93d\" data-id=\"948a93d\" data-element_type=\"column\">\n\t\t\t<div class=\"elementor-widget-wrap elementor-element-populated\">\n\t\t\t\t\t\t<div class=\"elementor-element elementor-element-59afde9 elementor-widget elementor-widget-heading\" data-id=\"59afde9\" data-element_type=\"widget\" data-widget_type=\"heading.default\">\n\t\t\t\t<div class=\"elementor-widget-container\">\n\t\t\t\t\t<h2 class=\"elementor-heading-title elementor-size-default\">Figo nobre: Eleg\u00e2ncia que encanta o paladar.<\/h2>\t\t\t\t<\/div>\n\t\t\t\t<\/div>\n\t\t\t\t<div class=\"elementor-element elementor-element-5a9c672 elementor-widget elementor-widget-text-editor\" data-id=\"5a9c672\" data-element_type=\"widget\" data-widget_type=\"text-editor.default\">\n\t\t\t\t<div class=\"elementor-widget-container\">\n\t\t\t\t\t\t\t\t\t<p><strong>\u2022 Harmoniza\u00e7\u00e3o simples:<\/strong> Sirva com <strong>queijo brie ou camembert<\/strong> sobre uma torrada crocante ou p\u00e3o de nozes.<\/p><p><strong>\u2022 Dica de chef:<\/strong> Use como cobertura de <strong>medalh\u00e3o de fil\u00e9 mignon<\/strong> grelhado. A do\u00e7ura do figo real\u00e7a o sabor da carne com um toque sofisticado.<\/p><p><strong>\u2022 Receita express:<\/strong> Monte uma <strong>t\u00e1bua de frios<\/strong> com presunto cru, figo fresco e um toque da geleia \u2014 finalize com folhas de hortel\u00e3 e um fio de azeite.<\/p><p>\u00a0<\/p>\t\t\t\t\t\t\t\t<\/div>\n\t\t\t\t<\/div>\n\t\t\t\t\t<\/div>\n\t\t<\/div>\n\t\t\t\t<div class=\"elementor-column elementor-col-50 elementor-top-column elementor-element elementor-element-3fb8027\" data-id=\"3fb8027\" data-element_type=\"column\">\n\t\t\t<div class=\"elementor-widget-wrap elementor-element-populated\">\n\t\t\t\t\t\t<div class=\"elementor-element elementor-element-830bd3c elementor-widget elementor-widget-image\" data-id=\"830bd3c\" data-element_type=\"widget\" data-widget_type=\"image.default\">\n\t\t\t\t<div class=\"elementor-widget-container\">\n\t\t\t\t\t\t\t\t\t\t\t\t\t\t\t<img decoding=\"async\" src=\"https:\/\/artisandugelee.com.br\/wp-content\/uploads\/2025\/05\/2-3.png\" title=\"2\" alt=\"2\" loading=\"lazy\" \/>\t\t\t\t\t\t\t\t\t\t\t\t\t\t\t<\/div>\n\t\t\t\t<\/div>\n\t\t\t\t\t<\/div>\n\t\t<\/div>\n\t\t\t\t\t<\/div>\n\t\t<\/section>\n\t\t\t\t<section class=\"elementor-section elementor-top-section elementor-element elementor-element-ec1a56d elementor-section-boxed elementor-section-height-default elementor-section-height-default\" data-id=\"ec1a56d\" data-element_type=\"section\">\n\t\t\t\t\t\t<div class=\"elementor-container elementor-column-gap-default\">\n\t\t\t\t\t<div class=\"elementor-column elementor-col-100 elementor-top-column elementor-element elementor-element-84a7023\" data-id=\"84a7023\" data-element_type=\"column\">\n\t\t\t<div class=\"elementor-widget-wrap elementor-element-populated\">\n\t\t\t\t\t\t<div class=\"elementor-element elementor-element-f11af1b elementor-widget elementor-widget-spacer\" data-id=\"f11af1b\" data-element_type=\"widget\" data-widget_type=\"spacer.default\">\n\t\t\t\t<div class=\"elementor-widget-container\">\n\t\t\t\t\t\t\t<div class=\"elementor-spacer\">\n\t\t\t<div class=\"elementor-spacer-inner\"><\/div>\n\t\t<\/div>\n\t\t\t\t\t\t<\/div>\n\t\t\t\t<\/div>\n\t\t\t\t\t<\/div>\n\t\t<\/div>\n\t\t\t\t\t<\/div>\n\t\t<\/section>\n\t\t\t\t<section class=\"elementor-section elementor-top-section elementor-element elementor-element-d24b067 elementor-section-boxed elementor-section-height-default elementor-section-height-default\" data-id=\"d24b067\" data-element_type=\"section\">\n\t\t\t\t\t\t<div class=\"elementor-container elementor-column-gap-default\">\n\t\t\t\t\t<div class=\"elementor-column elementor-col-50 elementor-top-column elementor-element elementor-element-2bb0401\" data-id=\"2bb0401\" data-element_type=\"column\">\n\t\t\t<div class=\"elementor-widget-wrap elementor-element-populated\">\n\t\t\t\t\t\t<div class=\"elementor-element elementor-element-3d6acea elementor-widget elementor-widget-heading\" data-id=\"3d6acea\" data-element_type=\"widget\" data-widget_type=\"heading.default\">\n\t\t\t\t<div class=\"elementor-widget-container\">\n\t\t\t\t\t<h2 class=\"elementor-heading-title elementor-size-default\">Manga com maracuj\u00e1: tropical e surpreendente<\/h2>\t\t\t\t<\/div>\n\t\t\t\t<\/div>\n\t\t\t\t<div class=\"elementor-element elementor-element-c917ab1 elementor-widget elementor-widget-text-editor\" data-id=\"c917ab1\" data-element_type=\"widget\" data-widget_type=\"text-editor.default\">\n\t\t\t\t<div class=\"elementor-widget-container\">\n\t\t\t\t\t\t\t\t\t<p><br \/>\u2022 <strong>Harmoniza\u00e7\u00e3o simples:<\/strong> Perfeita com queijos cremosos, camar\u00f5es grelhados, pratos orientais e saladas tropicais.<\/p><p>\u2022 <strong>Dica de chef:<\/strong> Finalize um tartare de salm\u00e3o ou sirva com sushi para um toque c\u00edtrico e sofisticado.<\/p><p>\u2022 <strong>Receita express:<\/strong> Recheie mini tortinhas com cream cheese e geleia de manga com maracuj\u00e1 \u2013 leve, elegante e irresist\u00edvel.<\/p><p>\u00a0<\/p><p><em>Tamb\u00e9m dispon\u00edvel na vers\u00e3o Diet.<\/em><\/p>\t\t\t\t\t\t\t\t<\/div>\n\t\t\t\t<\/div>\n\t\t\t\t\t<\/div>\n\t\t<\/div>\n\t\t\t\t<div class=\"elementor-column elementor-col-50 elementor-top-column elementor-element elementor-element-63cb8e1\" data-id=\"63cb8e1\" data-element_type=\"column\">\n\t\t\t<div class=\"elementor-widget-wrap elementor-element-populated\">\n\t\t\t\t\t\t<div class=\"elementor-element elementor-element-6c1e81a elementor-widget elementor-widget-image\" data-id=\"6c1e81a\" data-element_type=\"widget\" data-widget_type=\"image.default\">\n\t\t\t\t<div class=\"elementor-widget-container\">\n\t\t\t\t\t\t\t\t\t\t\t\t\t\t\t<img decoding=\"async\" src=\"https:\/\/artisandugelee.com.br\/wp-content\/uploads\/2025\/05\/3-3.png\" title=\"3\" alt=\"3\" loading=\"lazy\" \/>\t\t\t\t\t\t\t\t\t\t\t\t\t\t\t<\/div>\n\t\t\t\t<\/div>\n\t\t\t\t\t<\/div>\n\t\t<\/div>\n\t\t\t\t\t<\/div>\n\t\t<\/section>\n\t\t\t\t<section class=\"elementor-section elementor-top-section elementor-element elementor-element-1289149 elementor-section-boxed elementor-section-height-default elementor-section-height-default\" data-id=\"1289149\" data-element_type=\"section\">\n\t\t\t\t\t\t<div class=\"elementor-container elementor-column-gap-default\">\n\t\t\t\t\t<div class=\"elementor-column elementor-col-100 elementor-top-column elementor-element elementor-element-a200628\" data-id=\"a200628\" data-element_type=\"column\">\n\t\t\t<div class=\"elementor-widget-wrap elementor-element-populated\">\n\t\t\t\t\t\t<div class=\"elementor-element elementor-element-ab03db7 elementor-align-center elementor-widget elementor-widget-button\" data-id=\"ab03db7\" data-element_type=\"widget\" data-widget_type=\"button.default\">\n\t\t\t\t<div class=\"elementor-widget-container\">\n\t\t\t\t\t\t\t\t\t<div class=\"elementor-button-wrapper\">\n\t\t\t\t\t<a class=\"elementor-button elementor-button-link elementor-size-sm\" href=\"https:\/\/loja.artisandugelee.com.br\/\">\n\t\t\t\t\t\t<span class=\"elementor-button-content-wrapper\">\n\t\t\t\t\t\t\t\t\t<span class=\"elementor-button-text\">Compre na Loja<\/span>\n\t\t\t\t\t<\/span>\n\t\t\t\t\t<\/a>\n\t\t\t\t<\/div>\n\t\t\t\t\t\t\t\t<\/div>\n\t\t\t\t<\/div>\n\t\t\t\t\t<\/div>\n\t\t<\/div>\n\t\t\t\t\t<\/div>\n\t\t<\/section>\n\t\t\t\t<section class=\"elementor-section elementor-top-section elementor-element elementor-element-08fb08f elementor-section-boxed elementor-section-height-default elementor-section-height-default\" data-id=\"08fb08f\" data-element_type=\"section\">\n\t\t\t\t\t\t<div class=\"elementor-container elementor-column-gap-default\">\n\t\t\t\t\t<div class=\"elementor-column elementor-col-100 elementor-top-column elementor-element elementor-element-5297af0\" data-id=\"5297af0\" data-element_type=\"column\">\n\t\t\t<div class=\"elementor-widget-wrap elementor-element-populated\">\n\t\t\t\t\t\t<div class=\"elementor-element elementor-element-f4ed6b0 elementor-widget elementor-widget-spacer\" data-id=\"f4ed6b0\" data-element_type=\"widget\" data-widget_type=\"spacer.default\">\n\t\t\t\t<div class=\"elementor-widget-container\">\n\t\t\t\t\t\t\t<div class=\"elementor-spacer\">\n\t\t\t<div class=\"elementor-spacer-inner\"><\/div>\n\t\t<\/div>\n\t\t\t\t\t\t<\/div>\n\t\t\t\t<\/div>\n\t\t\t\t\t<\/div>\n\t\t<\/div>\n\t\t\t\t\t<\/div>\n\t\t<\/section>\n\t\t\t\t<\/div>\n\t\t","protected":false},"excerpt":{"rendered":"<p>dicas para sua geleia Ma\u00e7\u00e3 Gabriela: Acolhedora e vers\u00e1til. \u2022 Harmoniza\u00e7\u00e3o simples: Ideal com p\u00e3es amanteigados, croissants e queijos como gouda ou mu\u00e7arela de b\u00fafala. \u2022 Dica de chef: Use como glac\u00ea de finaliza\u00e7\u00e3o em uma sobrecoxa de frango assada com ervas, para um toque agridoce irresist\u00edvel. \u2022 Receita express: Monte um sandu\u00edche de pernil [&hellip;]<\/p>\n","protected":false},"author":1,"featured_media":0,"parent":0,"menu_order":0,"comment_status":"closed","ping_status":"closed","template":"","meta":{"_acf_changed":false,"footnotes":""},"class_list":["post-1559","page","type-page","status-publish","hentry"],"acf":[],"_links":{"self":[{"href":"https:\/\/artisandugelee.com.br\/index.php\/wp-json\/wp\/v2\/pages\/1559","targetHints":{"allow":["GET"]}}],"collection":[{"href":"https:\/\/artisandugelee.com.br\/index.php\/wp-json\/wp\/v2\/pages"}],"about":[{"href":"https:\/\/artisandugelee.com.br\/index.php\/wp-json\/wp\/v2\/types\/page"}],"author":[{"embeddable":true,"href":"https:\/\/artisandugelee.com.br\/index.php\/wp-json\/wp\/v2\/users\/1"}],"replies":[{"embeddable":true,"href":"https:\/\/artisandugelee.com.br\/index.php\/wp-json\/wp\/v2\/comments?post=1559"}],"version-history":[{"count":10,"href":"https:\/\/artisandugelee.com.br\/index.php\/wp-json\/wp\/v2\/pages\/1559\/revisions"}],"predecessor-version":[{"id":1604,"href":"https:\/\/artisandugelee.com.br\/index.php\/wp-json\/wp\/v2\/pages\/1559\/revisions\/1604"}],"wp:attachment":[{"href":"https:\/\/artisandugelee.com.br\/index.php\/wp-json\/wp\/v2\/media?parent=1559"}],"curies":[{"name":"wp","href":"https:\/\/api.w.org\/{rel}","templated":true}]}}